{"id":5103,"date":"2022-10-24T15:44:48","date_gmt":"2022-10-24T15:44:48","guid":{"rendered":"http:\/\/dev.chaletmadrid.com\/contact\/"},"modified":"2025-09-07T13:45:29","modified_gmt":"2025-09-07T13:45:29","slug":"contact","status":"publish","type":"page","link":"https:\/\/dev.chaletmadrid.com\/fr\/contact\/","title":{"rendered":"Contact"},"content":{"rendered":"<section class=\"l-section wpb_row height_huge full_height valign_center with_img parallax_ver\"><div class=\"l-section-img lazyload\" role=\"img\" aria-label=\"Casa de citas Madrid\" data-img-width=\"1000\" data-img-height=\"667\" style=\"background-image:inherit;\" data-bg-image=\"url(https:\/\/dev.chaletmadrid.com\/wp-content\/uploads\/2022\/10\/excited-man-in-black-denim-jacket-chilling-with-girlfriend-outdoor-portrait-of-happy-couple-exploring-city-scaled.jpg)\"><\/div><div class=\"l-section-overlay\" style=\"background:rgba(0,0,0,0.68)\"><\/div><div class=\"l-section-h i-cf\"><div class=\"g-cols vc_row via_grid cols_1 laptops-cols_inherit tablets-cols_inherit mobiles-cols_1 valign_top type_default stacking_default\"><div class=\"wpb_column vc_column_container\"><div class=\"vc_column-inner\"><div class=\"wpb_text_column\"><div class=\"wpb_wrapper\"><h2 style=\"text-align: center;\"><strong>CONTACT &amp; R\u00c9SERVATIONS<\/strong><\/h2>\n<p style=\"text-align: center;\"><strong>Paiement en esp\u00e8ces et cartes.<\/strong><br \/>\n NOUS SOMMES ICI 24\/7.<br \/>\n PARKING PRIV\u00c9 GRATUIT !!<\/p>\n<\/div><\/div><div class=\"w-separator size_medium\"><\/div><div class=\"w-separator size_medium\"><\/div><div class=\"g-cols wpb_row via_grid cols_2 laptops-cols_inherit tablets-cols_inherit mobiles-cols_1 valign_top type_default stacking_default\" style=\"--columns-gap:3rem;\"><div class=\"wpb_column vc_column_container\"><div class=\"vc_column-inner\"><div class=\"wpb_text_column\"><div class=\"wpb_wrapper\"><h3 style=\"text-align: center;\"><strong>Rue Valent\u00edn Serrano, 5. Madrid, Espagne. <\/strong><\/h3>\n<\/div><\/div><div class=\"w-html us_custom_0f8f44b7\"><iframe src=\"https:\/\/www.google.com\/maps\/embed?pb=!1m18!1m12!1m3!1d3034.9383581264988!2d-3.7287550999999994!3d40.47662869999999!2m3!1f0!2f0!3f0!3m2!1i1024!2i768!4f13.1!3m3!1m2!1s0xd42295a162182a3:0x51588db1555ad26a!2sChalet escorts Madrid!5e0!3m2!1ses!2ses!4v1715943386278!5m2!1ses!2ses\" width=\"600\" height=\"450\" style=\"border:0;\" allowfullscreen=\"\" loading=\"lazy\" referrerpolicy=\"no-referrer-when-downgrade\"><\/iframe><\/div><div class=\"w-separator size_medium\"><\/div><div class=\"w-btn-wrapper align_none\"><a class=\"w-btn us-btn-style_1\" target=\"_blank\" rel=\"nofollow\" href=\"https:\/\/maps.app.goo.gl\/f9PgPJhk4ppeYMJF9\"><span class=\"w-btn-label\">Voir sur Google Maps<\/span><\/a><\/div><\/div><\/div><div class=\"wpb_column vc_column_container\"><div class=\"vc_column-inner\"><div class=\"wpb_text_column\"><div class=\"wpb_wrapper\"><h3 class=\"p2\" style=\"text-align: center;\"><strong>T\u00e9l\u00e9phone et formulaire de contact<\/strong><\/h3>\n<\/div><\/div><div class=\"w-separator size_medium\"><\/div><div class=\"w-hwrapper valign_top align_center\" style=\"--hwrapper-gap:1.20rem\"><div class=\"w-iconbox iconpos_top style_default color_primary align_center no_text\"><a href=\"T\u00e9l. : +34 913 290 240\" class=\"w-iconbox-link\" aria-label=\"913 290 240\"><div class=\"w-iconbox-icon\" style=\"font-size:1.2rem;\"><i class=\"fas fa-phone\"><\/i><\/div><\/a><div class=\"w-iconbox-meta\"><div class=\"w-iconbox-title\"><a href=\"T\u00e9l. : +34 913 290 240\" class=\"w-iconbox-link\" aria-label=\"913 290 240\">913 290 240<\/a><\/div><\/div><\/div><div class=\"w-iconbox iconpos_top style_default color_custom align_center no_text\"><a target=\"_blank\" href=\"https:\/\/api.whatsapp.com\/send\/?phone=34664874220&amp;text=Hola+Chalet+Madrid,+me+gustar\u00eda+informarme.&amp;type=phone_number&amp;app_absent=0\" class=\"w-iconbox-link\" aria-label=\"+34 664 874 220\"><div class=\"w-iconbox-icon\" style=\"font-size:1.2rem;--icon-color:#25d366;\"><i class=\"fab fa-whatsapp\"><\/i><\/div><\/a><div class=\"w-iconbox-meta\"><div class=\"w-iconbox-title\"><a target=\"_blank\" href=\"https:\/\/api.whatsapp.com\/send\/?phone=34664874220&amp;text=Hola+Chalet+Madrid,+me+gustar\u00eda+informarme.&amp;type=phone_number&amp;app_absent=0\" class=\"w-iconbox-link\" aria-label=\"+34 664 874 220\">+34 664 874 220<\/a><\/div><\/div><\/div><div class=\"w-iconbox iconpos_top style_default color_primary align_center no_text\"><a href=\"https:\/\/wa.me\/34664 874 220\" class=\"w-iconbox-link\" aria-label=\"+34 664 874 220\"><div class=\"w-iconbox-icon\" style=\"font-size:1.2rem;\"><i class=\"fas fa-phone\"><\/i><\/div><\/a><div class=\"w-iconbox-meta\"><div class=\"w-iconbox-title\"><a href=\"https:\/\/wa.me\/34664 874 220\" class=\"w-iconbox-link\" aria-label=\"+34 664 874 220\">+34 664 874 220<\/a><\/div><\/div><\/div><\/div><div class=\"wpb_text_column\"><div class=\"wpb_wrapper\"><p style=\"text-align: center;\">Veuillez noter que le t\u00e9l\u00e9phone est le moyen le plus rapide pour planifier votre rendez-vous le jour m\u00eame.<\/p>\n<\/div><\/div><div class=\"w-separator size_medium\"><\/div><form class=\"w-form  us-field-style_1 us_custom_0f8f44b7 layout_ver show_message_after_sending for_cform us_form_1\" action=\"https:\/\/dev.chaletmadrid.com\/fr\/wp-json\/wp\/v2\/pages\/5103\" method=\"post\"><div class=\"w-form-h\"><div class=\"w-form-row for_text required\">\r\n\t\t<div class=\"w-form-row-field\">\r\n\t\t\t\t\t\t<input aria-label=\"Nom\" type=\"text\" name=\"us_form_1_text_1\" value placeholder=\"Nom *\" data-required=\"true\" aria-required=\"true\"\/>\r\n\t\t\t<\/div>\r\n\t\t<div class=\"w-form-row-state\">Vous devez remplir ce champ<\/div>\r\n<\/div>\r\n<div class=\"w-form-row for_email required\">\r\n\t\t<div class=\"w-form-row-field\">\r\n\t\t\t\t\t\t<input aria-label=\"E-mail\" type=\"email\" name=\"us_form_1_email_1\" value placeholder=\"E-mail *\" data-required=\"true\" aria-required=\"true\"\/>\r\n\t\t\t<\/div>\r\n\t\t<div class=\"w-form-row-state\">Veuillez saisir une adresse e-mail valide.<\/div>\r\n<\/div>\r\n<div class=\"w-form-row for_text\">\r\n\t\t<div class=\"w-form-row-field\">\r\n\t\t\t\t\t\t<input aria-label=\"T\u00e9l\u00e9phone\" inputmode=\"tel\" type=\"text\" name=\"us_form_1_text_2\" value placeholder=\"T\u00e9l\u00e9phone\"\/>\r\n\t\t\t<\/div>\r\n\t\t<div class=\"w-form-row-state\">Vous devez remplir ce champ<\/div>\r\n<\/div>\r\n<div class=\"w-form-row for_textarea required\">\r\n\t\t<div class=\"w-form-row-field\">\r\n\t\t\t\t\t\t<textarea aria-label=\"Texte\" name=\"us_form_1_textarea_1\" placeholder=\"Texte *\" data-required=\"true\" aria-required=\"true\"><\/textarea>\r\n\t\t\t<\/div>\r\n\t\t<div class=\"w-form-row-state\">Vous devez remplir ce champ<\/div>\r\n<\/div>\r\n<div class=\"w-form-row for_captcha required\">\r\n\t<div class=\"w-form-row-label\">\r\n\t\t<span> <span>22 + 10 = ?<\/span><\/span>\r\n\t<\/div>\r\n\t<div class=\"w-form-row-field\">\r\n\t\t\t\t<input type=\"hidden\" name=\"us_form_1_captcha_1_hash\" value=\"8927483727b4c67ea678027a688532bc\" \/>\r\n\t\t\t\t<input aria-label=\"us_form_1_captcha_1\" type=\"text\" name=\"us_form_1_captcha_1\" placeholder data-required=\"true\" aria-required=\"true\"\/>\r\n\t\t\t<\/div>\r\n\t\t\t<div class=\"w-form-row-description\">\r\n\t\t\tCaptcha\t\t<\/div>\r\n\t\t<div class=\"w-form-row-state\">Entrer le r\u00e9sultat de l'op\u00e9ration pour continuer<\/div>\r\n<\/div>\r\n<input type=\"hidden\" name=\"action\" value=\"us_ajax_cform\" \/>\r\n<input type=\"hidden\" name=\"post_id\" value=\"0\" \/>\r\n<input type=\"hidden\" name=\"form_index\" value=\"1\" \/>\r\n<div class=\"w-form-row for_submit align_none\">\r\n\t<button class=\"w-btn  us-btn-style_1\" aria-label=\"Envoyer\" type=\"submit\">\r\n\t\t<span class=\"g-preloader type_1\"><\/span>\r\n\t\t\t\t<span class=\"w-btn-label\">Envoyer<\/span>\r\n\t\t\t<\/button>\r\n\t<\/div>\r\n<\/div><div class=\"w-form-message\"><\/div><div class=\"w-form-json hidden\" onclick='return {&quot;ajaxurl&quot;:&quot;https:\\\/\\\/dev.chaletmadrid.com\\\/wp-admin\\\/admin-ajax.php&quot;,&quot;messages&quot;:{&quot;err_empty&quot;:&quot;Vous devez remplir ce champ&quot;,&quot;err_size&quot;:&quot;La taille du fichier ne peut pas d\\u00e9passer %s Mo&quot;,&quot;err_extension&quot;:&quot;Le type de fichier %s n&#039;est pas autoris\\u00e9&quot;,&quot;err_recaptcha_keys&quot;:&quot;Les cl\\u00e9s reCAPTCHA sont incorrectes&quot;}}'><\/div><\/form><\/div><\/div><\/div><\/div><\/div><\/div><\/div><\/section>\n","protected":false},"excerpt":{"rendered":"CONTACT &amp; R\u00c9SERVATIONS Paiement en esp\u00e8ces et cartes. NOUS SOMMES ICI 24\/7. PARKING PRIV\u00c9 GRATUIT !! Rue Valent\u00edn Serrano, 5. Madrid, Espagne. Voir sur Google MapsT\u00e9l\u00e9phone et formulaire de contact 913 290 240+34 664 874 220+34 664 874 220Veuillez noter que le t\u00e9l\u00e9phone est le moyen le plus rapide pour planifier votre rendez-vous le jour...","protected":false},"author":2,"featured_media":0,"parent":0,"menu_order":0,"comment_status":"closed","ping_status":"closed","template":"","meta":{"_joinchat":[],"footnotes":""},"class_list":["post-5103","page","type-page","status-publish","hentry"],"yoast_head":"<!-- This site is optimized with the Yoast SEO plugin v26.7 - https:\/\/yoast.com\/wordpress\/plugins\/seo\/ -->\n<title>Contact - Chalet Madrid<\/title>\n<meta name=\"robots\" content=\"noindex, follow\" \/>\n<meta property=\"og:locale\" content=\"fr_FR\" \/>\n<meta property=\"og:type\" content=\"article\" \/>\n<meta property=\"og:title\" content=\"Contact - Chalet Madrid\" \/>\n<meta property=\"og:url\" content=\"https:\/\/dev.chaletmadrid.com\/fr\/contact\/\" \/>\n<meta property=\"og:site_name\" content=\"Chalet Madrid\" \/>\n<meta property=\"article:modified_time\" content=\"2025-09-07T13:45:29+00:00\" \/>\n<meta property=\"og:image\" content=\"https:\/\/dev.chaletmadrid.com\/wp-content\/uploads\/2022\/10\/wonderful-girl-in-white-t-shirt-dancing-with-boyfriend-indoor-portrait-of-winsome-lady-fooling-around-at-home-with-husband-scaled.jpg\" \/>\n\t<meta property=\"og:image:width\" content=\"1000\" \/>\n\t<meta property=\"og:image:height\" content=\"667\" \/>\n\t<meta property=\"og:image:type\" content=\"image\/jpeg\" \/>\n<meta name=\"twitter:card\" content=\"summary_large_image\" \/>\n<meta name=\"twitter:label1\" content=\"Dur\u00e9e de lecture estim\u00e9e\" \/>\n\t<meta name=\"twitter:data1\" content=\"3 minutes\" \/>\n<script type=\"application\/ld+json\" class=\"yoast-schema-graph\">{\"@context\":\"https:\/\/schema.org\",\"@graph\":[{\"@type\":\"WebPage\",\"@id\":\"https:\/\/dev.chaletmadrid.com\/fr\/contact\/\",\"url\":\"https:\/\/dev.chaletmadrid.com\/fr\/contact\/\",\"name\":\"Contact - Chalet Madrid\",\"isPartOf\":{\"@id\":\"http:\/\/dev.chaletmadrid.com\/fr\/#website\"},\"datePublished\":\"2022-10-24T15:44:48+00:00\",\"dateModified\":\"2025-09-07T13:45:29+00:00\",\"breadcrumb\":{\"@id\":\"https:\/\/dev.chaletmadrid.com\/fr\/contact\/#breadcrumb\"},\"inLanguage\":\"fr-FR\",\"potentialAction\":[{\"@type\":\"ReadAction\",\"target\":[\"https:\/\/dev.chaletmadrid.com\/fr\/contact\/\"]}]},{\"@type\":\"BreadcrumbList\",\"@id\":\"https:\/\/dev.chaletmadrid.com\/fr\/contact\/#breadcrumb\",\"itemListElement\":[{\"@type\":\"ListItem\",\"position\":1,\"name\":\"Inicio\",\"item\":\"http:\/\/dev.chaletmadrid.com\/fr\/\"},{\"@type\":\"ListItem\",\"position\":2,\"name\":\"Contact\"}]},{\"@type\":\"WebSite\",\"@id\":\"http:\/\/dev.chaletmadrid.com\/fr\/#website\",\"url\":\"http:\/\/dev.chaletmadrid.com\/fr\/\",\"name\":\"Chalet Madrid\",\"description\":\"Agencia de escorts\",\"publisher\":{\"@id\":\"http:\/\/dev.chaletmadrid.com\/fr\/#organization\"},\"alternateName\":\"Escorts en Madrid\",\"potentialAction\":[{\"@type\":\"SearchAction\",\"target\":{\"@type\":\"EntryPoint\",\"urlTemplate\":\"http:\/\/dev.chaletmadrid.com\/fr\/?s={search_term_string}\"},\"query-input\":{\"@type\":\"PropertyValueSpecification\",\"valueRequired\":true,\"valueName\":\"search_term_string\"}}],\"inLanguage\":\"fr-FR\"},{\"@type\":\"Organization\",\"@id\":\"http:\/\/dev.chaletmadrid.com\/fr\/#organization\",\"name\":\"dev.chaletmadrid.com\",\"alternateName\":\"Chalet Madrid\",\"url\":\"http:\/\/dev.chaletmadrid.com\/fr\/\",\"logo\":{\"@type\":\"ImageObject\",\"inLanguage\":\"fr-FR\",\"@id\":\"http:\/\/dev.chaletmadrid.com\/fr\/#\/schema\/logo\/image\/\",\"url\":\"http:\/\/dev.chaletmadrid.com\/wp-content\/uploads\/2022\/11\/Favicon-Chalet-Madrid.png\",\"contentUrl\":\"http:\/\/dev.chaletmadrid.com\/wp-content\/uploads\/2022\/11\/Favicon-Chalet-Madrid.png\",\"width\":800,\"height\":800,\"caption\":\"dev.chaletmadrid.com\"},\"image\":{\"@id\":\"http:\/\/dev.chaletmadrid.com\/fr\/#\/schema\/logo\/image\/\"}}]}<\/script>\n<!-- \/ Yoast SEO plugin. -->","yoast_head_json":{"title":"Contact - Chalet Madrid","robots":{"index":"noindex","follow":"follow"},"og_locale":"fr_FR","og_type":"article","og_title":"Contact - Chalet Madrid","og_url":"https:\/\/dev.chaletmadrid.com\/fr\/contact\/","og_site_name":"Chalet Madrid","article_modified_time":"2025-09-07T13:45:29+00:00","og_image":[{"width":1000,"height":667,"url":"https:\/\/dev.chaletmadrid.com\/wp-content\/uploads\/2022\/10\/wonderful-girl-in-white-t-shirt-dancing-with-boyfriend-indoor-portrait-of-winsome-lady-fooling-around-at-home-with-husband-scaled.jpg","type":"image\/jpeg"}],"twitter_card":"summary_large_image","twitter_misc":{"Dur\u00e9e de lecture estim\u00e9e":"3 minutes"},"schema":{"@context":"https:\/\/schema.org","@graph":[{"@type":"WebPage","@id":"https:\/\/dev.chaletmadrid.com\/fr\/contact\/","url":"https:\/\/dev.chaletmadrid.com\/fr\/contact\/","name":"Contact - Chalet Madrid","isPartOf":{"@id":"http:\/\/dev.chaletmadrid.com\/fr\/#website"},"datePublished":"2022-10-24T15:44:48+00:00","dateModified":"2025-09-07T13:45:29+00:00","breadcrumb":{"@id":"https:\/\/dev.chaletmadrid.com\/fr\/contact\/#breadcrumb"},"inLanguage":"fr-FR","potentialAction":[{"@type":"ReadAction","target":["https:\/\/dev.chaletmadrid.com\/fr\/contact\/"]}]},{"@type":"BreadcrumbList","@id":"https:\/\/dev.chaletmadrid.com\/fr\/contact\/#breadcrumb","itemListElement":[{"@type":"ListItem","position":1,"name":"Inicio","item":"http:\/\/dev.chaletmadrid.com\/fr\/"},{"@type":"ListItem","position":2,"name":"Contact"}]},{"@type":"WebSite","@id":"http:\/\/dev.chaletmadrid.com\/fr\/#website","url":"http:\/\/dev.chaletmadrid.com\/fr\/","name":"Chalet Madrid","description":"Agencia de escorts","publisher":{"@id":"http:\/\/dev.chaletmadrid.com\/fr\/#organization"},"alternateName":"Escorts en Madrid","potentialAction":[{"@type":"SearchAction","target":{"@type":"EntryPoint","urlTemplate":"http:\/\/dev.chaletmadrid.com\/fr\/?s={search_term_string}"},"query-input":{"@type":"PropertyValueSpecification","valueRequired":true,"valueName":"search_term_string"}}],"inLanguage":"fr-FR"},{"@type":"Organization","@id":"http:\/\/dev.chaletmadrid.com\/fr\/#organization","name":"dev.chaletmadrid.com","alternateName":"Chalet Madrid","url":"http:\/\/dev.chaletmadrid.com\/fr\/","logo":{"@type":"ImageObject","inLanguage":"fr-FR","@id":"http:\/\/dev.chaletmadrid.com\/fr\/#\/schema\/logo\/image\/","url":"http:\/\/dev.chaletmadrid.com\/wp-content\/uploads\/2022\/11\/Favicon-Chalet-Madrid.png","contentUrl":"http:\/\/dev.chaletmadrid.com\/wp-content\/uploads\/2022\/11\/Favicon-Chalet-Madrid.png","width":800,"height":800,"caption":"dev.chaletmadrid.com"},"image":{"@id":"http:\/\/dev.chaletmadrid.com\/fr\/#\/schema\/logo\/image\/"}}]}},"_links":{"self":[{"href":"https:\/\/dev.chaletmadrid.com\/fr\/wp-json\/wp\/v2\/pages\/5103","targetHints":{"allow":["GET"]}}],"collection":[{"href":"https:\/\/dev.chaletmadrid.com\/fr\/wp-json\/wp\/v2\/pages"}],"about":[{"href":"https:\/\/dev.chaletmadrid.com\/fr\/wp-json\/wp\/v2\/types\/page"}],"author":[{"embeddable":true,"href":"https:\/\/dev.chaletmadrid.com\/fr\/wp-json\/wp\/v2\/users\/2"}],"replies":[{"embeddable":true,"href":"https:\/\/dev.chaletmadrid.com\/fr\/wp-json\/wp\/v2\/comments?post=5103"}],"version-history":[{"count":0,"href":"https:\/\/dev.chaletmadrid.com\/fr\/wp-json\/wp\/v2\/pages\/5103\/revisions"}],"wp:attachment":[{"href":"https:\/\/dev.chaletmadrid.com\/fr\/wp-json\/wp\/v2\/media?parent=5103"}],"curies":[{"name":"wp","href":"https:\/\/api.w.org\/{rel}","templated":true}]}}